{"id":1742,"date":"2021-03-18T11:48:37","date_gmt":"2021-03-18T09:48:37","guid":{"rendered":"https:\/\/free-sub.com\/?page_id=1742"},"modified":"2021-04-08T11:59:32","modified_gmt":"2021-04-08T09:59:32","slug":"speargun-production","status":"publish","type":"page","link":"https:\/\/free-sub.com\/en\/about-us\/speargun-production\/","title":{"rendered":"Speargun Production"},"content":{"rendered":"<div class=\"wpb-content-wrapper\"><p>[vc_row][vc_column css_animation=&#8221;fadeIn&#8221;][vc_custom_heading text=&#8221;Z\u0131pk\u0131n ve Yedek Par\u00e7a \u00dctremimiz Hakk\u0131nda ;&#8221; font_container=&#8221;tag:h2|text_align:left|color:%230087c1&#8243; use_theme_fonts=&#8221;yes&#8221;][vc_column_text]Free-Sub amat\u00f6rden profesyonele her seviyede kullan\u0131c\u0131 ve farkl\u0131 kullan\u0131m \u00f6zellikleri i\u00e7in de\u011fi\u015fik modellerde z\u0131pk\u0131nlar \u00fcretmektedir. Uzun s\u00fcreli kullan\u0131ma y\u00f6nelik imal etti\u011fimiz z\u0131pk\u0131nlar\u0131m\u0131z\u0131n \u00fcretimi fabrikam\u0131z b\u00fcnyesinde yap\u0131lmaktad\u0131r. Yedek par\u00e7a ve teknik servis deste\u011fimizle y\u0131llarca g\u00fcvenle kullanabilece\u011finiz z\u0131pk\u0131nlar\u0131m\u0131zda uzun saha testleriyle fark yaratan teknik detaylar geli\u015ftirilmi\u015ftir. Free-Sub z\u0131pk\u0131nlar\u0131m\u0131z kullan\u0131c\u0131n\u0131n fiziksel \u00f6zellikleri, kullan\u0131m tercihleri, av yapt\u0131\u011f\u0131 derinlik ve mera \u00f6zellikleri bulundurularak \u00fc\u00e7 ana model grubunda \u00fcretilmektedir. [\/vc_column_text][vc_separator color=&#8221;sky&#8221; style=&#8221;shadow&#8221;][\/vc_column][\/vc_row][vc_row][vc_column css_animation=&#8221;fadeIn&#8221;][vc_custom_heading text=&#8221;Z\u0131pk\u0131n Modellerimiz ;&#8221; font_container=&#8221;tag:h2|text_align:left|color:%230087c1&#8243; use_theme_fonts=&#8221;yes&#8221;][vc_row_inner][vc_column_inner width=&#8221;1\/3&#8243; css=&#8221;.vc_custom_1590509083074{margin: 0px !important;padding: 0px !important;border: 1px solid rgba(30,115,190,0.19) !important;border-radius: 5px !important;}&#8221;][vc_images_carousel images=&#8221;448,456,453,454,457,451&#8243; img_size=&#8221;full&#8221; speed=&#8221;8000&#8243; autoplay=&#8221;yes&#8221; hide_pagination_control=&#8221;yes&#8221; wrap=&#8221;yes&#8221;][\/vc_column_inner][vc_column_inner width=&#8221;2\/3&#8243;][vc_column_text]<\/p>\n<h3><strong>Goldenhorn Z\u0131pk\u0131n (Kanall\u0131 G\u00f6vde);<\/strong><\/h3>\n<p>Orta ve ileri seviye kullan\u0131c\u0131lar i\u00e7in \u00fcretilmi\u015ftir. Kendinden kanall\u0131 g\u00f6vdesi ve 20mm \u00e7ap\u0131ndaki y\u00fcksek performansl\u0131 lasti\u011fi ile uzun mesafelerde dahi nokta at\u0131\u015f\u0131 sa\u011flar. Free-sub\u2019a \u00f6zg\u00fc yar\u0131 a\u00e7\u0131k kafas\u0131 su alt\u0131nda geni\u015f g\u00f6r\u00fc\u015f a\u00e7\u0131s\u0131 ve kolay kurulum sunar. Siyah rengin yan\u0131s\u0131ra farkl\u0131 meralar i\u00e7in tercih edebilece\u011finiz Kahve ve Turkuaz kamuflaj renkleri mevcuttur. 45cm ve 60 cm boylar\u0131 yaln\u0131zca siyah renkte \u00fcretilmektedir.[\/vc_column_text][\/vc_column_inner][\/vc_row_inner][vc_separator color=&#8221;sky&#8221; style=&#8221;shadow&#8221;][vc_row_inner][vc_column_inner width=&#8221;1\/3&#8243; css=&#8221;.vc_custom_1590509000075{margin-top: 0px !important;margin-right: 0px !important;margin-bottom: 0px !important;margin-left: 0px !important;border-top-width: 1px !important;border-right-width: 1px !important;border-bottom-width: 1px !important;border-left-width: 1px !important;border-left-color: rgba(30,115,190,0.19) !important;border-left-style: solid !important;border-right-color: rgba(30,115,190,0.19) !important;border-right-style: solid !important;border-top-color: rgba(30,115,190,0.19) !important;border-top-style: solid !important;border-bottom-color: rgba(30,115,190,0.19) !important;border-bottom-style: solid !important;border-radius: 5px !important;}&#8221;][vc_images_carousel images=&#8221;436,440,444,443&#8243; img_size=&#8221;full&#8221; speed=&#8221;8000&#8243; autoplay=&#8221;yes&#8221; hide_pagination_control=&#8221;yes&#8221; wrap=&#8221;yes&#8221;][\/vc_column_inner][vc_column_inner width=&#8221;2\/3&#8243;][vc_column_text]<\/p>\n<h3><strong>Goldenhorn Cabrio Z\u0131pk\u0131n (A\u00e7\u0131k Kafa, Kanall\u0131 G\u00f6vde);<\/strong><\/h3>\n<p>\u0130leri seviye kullan\u0131c\u0131lar i\u00e7indir. Kendinden kanall\u0131 g\u00f6vdesi ve 20mm \u00e7ap\u0131ndaki y\u00fcksek performansl\u0131 lasti\u011fi ile uzun mesafelerde dahi nokta at\u0131\u015f\u0131 sa\u011flar. Z\u0131pk\u0131na ad\u0131n\u0131 veren a\u00e7\u0131k kafas\u0131 su alt\u0131nda maksimum g\u00f6r\u00fc\u015f a\u00e7\u0131s\u0131 sunar. Siyah rengin yan\u0131s\u0131ra farkl\u0131 meralar i\u00e7in tercih edebilece\u011finiz Kahve ve Turkuaz kamufla\u015f renkleri mevcuttur.[\/vc_column_text][\/vc_column_inner][\/vc_row_inner][vc_separator color=&#8221;sky&#8221; style=&#8221;shadow&#8221;][vc_row_inner][vc_column_inner width=&#8221;1\/3&#8243; css=&#8221;.vc_custom_1590509150456{margin: 0px !important;padding: 0px !important;border: 1px solid rgba(30,115,190,0.2) !important;border-radius: 5px !important;}&#8221;][vc_images_carousel images=&#8221;433,434,435&#8243; img_size=&#8221;full&#8221; speed=&#8221;8000&#8243; autoplay=&#8221;yes&#8221; hide_pagination_control=&#8221;yes&#8221; wrap=&#8221;yes&#8221;][\/vc_column_inner][vc_column_inner width=&#8221;2\/3&#8243;][vc_column_text]<\/p>\n<h3><strong>Bosphorus Z\u0131pk\u0131n (Kanals\u0131z G\u00f6vde);<\/strong><\/h3>\n<p>Ba\u015flang\u0131\u00e7 seviyesi olarak tavsiye etti\u011fimiz z\u0131pk\u0131n\u0131m\u0131zd\u0131r. Bosphorus z\u0131pk\u0131n\u0131m\u0131z\u0131 16mm \u00e7ap\u0131nda daha kolay gerebilece\u011finiz lasti\u011fi ile daha rahat kurabilirsiniz. Kanals\u0131z g\u00f6vdesi ve k\u0131sa mesafe at\u0131\u015flar\u0131na uygun lasti\u011fi ile kaya alt\u0131 av yapanlar ve su alt\u0131 avc\u0131l\u0131\u011f\u0131na yeni ba\u015flayanlar taraf\u0131ndan tercih edilmektedir.[\/vc_column_text][\/vc_column_inner][\/vc_row_inner][vc_separator color=&#8221;sky&#8221; style=&#8221;shadow&#8221;][\/vc_column][\/vc_row]<\/p>\n<\/div>","protected":false},"excerpt":{"rendered":"<p>[vc_row][vc_column css_animation=&#8221;fadeIn&#8221;][vc_custom_heading text=&#8221;Z\u0131pk\u0131n ve Yedek Par\u00e7a \u00dctremimiz Hakk\u0131nda ;&#8221; font_container=&#8221;tag:h2|text_align:left|color:%230087c1&#8243; use_theme_fonts=&#8221;yes&#8221;][vc_column_text]Free-Sub amat\u00f6rden profesyonele her seviyede kullan\u0131c\u0131 ve farkl\u0131 kullan\u0131m \u00f6zellikleri i\u00e7in de\u011fi\u015fik modellerde z\u0131pk\u0131nlar \u00fcretmektedir. Uzun<span class=\"excerpt-hellip\"> [\u2026]<\/span><\/p>\n","protected":false},"author":1,"featured_media":0,"parent":1735,"menu_order":3,"comment_status":"closed","ping_status":"closed","template":"","meta":{"footnotes":""},"class_list":["post-1742","page","type-page","status-publish","hentry"],"_links":{"self":[{"href":"https:\/\/free-sub.com\/en\/wp-json\/wp\/v2\/pages\/1742\/"}],"collection":[{"href":"https:\/\/free-sub.com\/en\/wp-json\/wp\/v2\/pages\/"}],"about":[{"href":"https:\/\/free-sub.com\/en\/wp-json\/wp\/v2\/types\/page\/"}],"author":[{"embeddable":true,"href":"https:\/\/free-sub.com\/en\/wp-json\/wp\/v2\/users\/1\/"}],"replies":[{"embeddable":true,"href":"https:\/\/free-sub.com\/en\/wp-json\/wp\/v2\/comments\/?post=1742"}],"version-history":[{"count":2,"href":"https:\/\/free-sub.com\/en\/wp-json\/wp\/v2\/pages\/1742\/revisions\/"}],"predecessor-version":[{"id":1744,"href":"https:\/\/free-sub.com\/en\/wp-json\/wp\/v2\/pages\/1742\/revisions\/1744\/"}],"up":[{"embeddable":true,"href":"https:\/\/free-sub.com\/en\/wp-json\/wp\/v2\/pages\/1735\/"}],"wp:attachment":[{"href":"https:\/\/free-sub.com\/en\/wp-json\/wp\/v2\/media\/?parent=1742"}],"curies":[{"name":"wp","href":"https:\/\/api.w.org\/{rel}","templated":true}]}}