{"id":1745,"date":"2019-07-10T14:52:03","date_gmt":"2019-07-10T14:52:03","guid":{"rendered":"https:\/\/free-sub.com\/?page_id=1745"},"modified":"2021-04-21T20:33:57","modified_gmt":"2021-04-21T18:33:57","slug":"products","status":"publish","type":"page","link":"https:\/\/free-sub.com\/en\/products\/","title":{"rendered":"Products"},"content":{"rendered":"<div class=\"wpb-content-wrapper\"><p>[vc_row css_animation=&#8221;fadeIn&#8221; css=&#8221;.vc_custom_1617975413370{margin-top: 0px !important;padding-top: 0px !important;}&#8221;][vc_column css=&#8221;.vc_custom_1565271912996{margin-top: 0px !important;padding-top: 0px !important;}&#8221; offset=&#8221;vc_hidden-sm vc_hidden-xs&#8221;][vc_custom_heading text=&#8221;Free-Sub Wetsuits and Accesories&#8221; font_container=&#8221;tag:h2|text_align:center|color:%23ffffff&#8221; use_theme_fonts=&#8221;yes&#8221; css_animation=&#8221;fadeIn&#8221; css=&#8221;.vc_custom_1619022782947{padding-top: 10px !important;padding-right: 10px !important;padding-bottom: 10px !important;padding-left: 10px !important;background-color: #1e73be !important;background-position: center !important;background-repeat: no-repeat !important;background-size: cover !important;}&#8221;][vc_row_inner css=&#8221;.vc_custom_1563796138898{margin: 0px !important;padding: 0px !important;border: 0px initial !important;}&#8221;][vc_column_inner css=&#8221;.vc_custom_1563796231480{margin-top: 0px !important;margin-right: 0px !important;margin-bottom: 0px !important;margin-left: 0px !important;padding-top: 0px !important;padding-right: 0px !important;padding-bottom: 0px !important;padding-left: 0px !important;}&#8221; offset=&#8221;vc_hidden-sm vc_hidden-xs&#8221;][vc_column_text]Free-Sub, wetsuits, and neoprene are examples of these types of clothing. Our products are made in our own factory in Turkey. We have achieved high quality standards and fast and high-volume production capacity as a result of our R&amp;D studies and investments in recent years. Every stage of production takes place in our own facility, from pattern design to printing, lamination to apparel. Today, we reach users in many countries around the world through our Free-Sub brand, and we also manufacture Wetsuites and neoprene materials for a variety of brands.[\/vc_column_text][\/vc_column_inner][\/vc_row_inner][\/vc_column][\/vc_row][vc_row css_animation=&#8221;fadeIn&#8221; css=&#8221;.vc_custom_1563796480353{margin-top: 0px !important;margin-right: 0px !important;margin-bottom: 0px !important;margin-left: 0px !important;border-top-width: 0px !important;border-right-width: 0px !important;border-bottom-width: 0px !important;border-left-width: 0px !important;padding-top: 0px !important;padding-right: 0px !important;padding-bottom: 0px !important;padding-left: 0px !important;background-color: #ffffff !important;border-left-color: #1e73be !important;border-left-style: solid !important;border-right-color: #1e73be !important;border-right-style: solid !important;border-top-color: #1e73be !important;border-top-style: solid !important;border-bottom-color: #1e73be !important;border-bottom-style: solid !important;}&#8221;][vc_column width=&#8221;3\/4&#8243; css=&#8221;.vc_custom_1563796357956{margin: 0px !important;padding: 0px !important;border: 0px initial !important;}&#8221;]<div class=\"trailer_box \"><a href=\"https:\/\/free-sub.com\/urunler\/dalis-elbiseleri-ve-aksesuarlari\/\"  title=\"\"><img class=\"scale-with-grid mfn-lazy\" data-src=\"https:\/\/free-sub.com\/wp-content\/uploads\/2019\/07\/Ktg-ana-Dalis-elb-aks.jpg\" alt=\"Ktg-ana-Dalis-elb-aks\" width=\"600\" height=\"400\"\/><div class=\"desc\"><div class=\"subtitle\">Wetsuits and Accesories<\/div><div class=\"line\"><\/div><\/div><\/a><\/div>\n[\/vc_column][vc_column width=&#8221;1\/4&#8243; css=&#8221;.vc_custom_1563796372520{margin: 0px !important;padding: 0px !important;border: 0px initial !important;}&#8221; offset=&#8221;vc_hidden-sm vc_hidden-xs&#8221;][vc_wp_custommenu nav_menu=&#8221;95&#8243;][\/vc_column][\/vc_row][vc_row css_animation=&#8221;fadeIn&#8221; css=&#8221;.vc_custom_1563796495252{margin-top: 0px !important;padding-top: 0px !important;}&#8221;][vc_column css=&#8221;.vc_custom_1563792819602{margin-top: 0px !important;padding-top: 0px !important;}&#8221;][vc_separator color=&#8221;sky&#8221; style=&#8221;shadow&#8221; css=&#8221;.vc_custom_1563792807403{margin-top: 0px !important;padding-top: 0px !important;}&#8221;][\/vc_column][\/vc_row][vc_row css_animation=&#8221;fadeIn&#8221; css=&#8221;.vc_custom_1563796429747{margin-top: 0px !important;padding-top: 0px !important;}&#8221;][vc_column css=&#8221;.vc_custom_1565271948331{margin-top: 0px !important;padding-top: 0px !important;}&#8221; offset=&#8221;vc_hidden-sm vc_hidden-xs&#8221;][vc_custom_heading text=&#8221;Free-Sub Spearguns and Accessories&#8221; font_container=&#8221;tag:h2|text_align:center|color:%23ffffff&#8221; use_theme_fonts=&#8221;yes&#8221; css=&#8221;.vc_custom_1619022533203{padding-top: 10px !important;padding-bottom: 10px !important;background-color: #2294d6 !important;}&#8221;][vc_row_inner css=&#8221;.vc_custom_1563796138898{margin: 0px !important;padding: 0px !important;border: 0px initial !important;}&#8221;][vc_column_inner css=&#8221;.vc_custom_1563796231480{margin-top: 0px !important;margin-right: 0px !important;margin-bottom: 0px !important;margin-left: 0px !important;padding-top: 0px !important;padding-right: 0px !important;padding-bottom: 0px !important;padding-left: 0px !important;}&#8221; offset=&#8221;vc_hidden-sm vc_hidden-xs&#8221;][vc_column_text]As Free-Sub, we manufacture all of the Speargun group&#8217;s products in our own factory.<\/p>\n<p>Our Free-Sub Spearguns come in three different models to accommodate different user preferences and skill levels. The quality of these three main model groups that we manufacture is identical.<\/p>\n<p>You can select a model based on your preferences, physical characteristics, hunting depth, and pastures.[\/vc_column_text][\/vc_column_inner][\/vc_row_inner][\/vc_column][\/vc_row][vc_row css_animation=&#8221;fadeIn&#8221; css=&#8221;.vc_custom_1563796480353{margin-top: 0px !important;margin-right: 0px !important;margin-bottom: 0px !important;margin-left: 0px !important;border-top-width: 0px !important;border-right-width: 0px !important;border-bottom-width: 0px !important;border-left-width: 0px !important;padding-top: 0px !important;padding-right: 0px !important;padding-bottom: 0px !important;padding-left: 0px !important;background-color: #ffffff !important;border-left-color: #1e73be !important;border-left-style: solid !important;border-right-color: #1e73be !important;border-right-style: solid !important;border-top-color: #1e73be !important;border-top-style: solid !important;border-bottom-color: #1e73be !important;border-bottom-style: solid !important;}&#8221;][vc_column width=&#8221;3\/4&#8243; css=&#8221;.vc_custom_1563796357956{margin: 0px !important;padding: 0px !important;border: 0px initial !important;}&#8221;]<div class=\"trailer_box \"><a href=\"https:\/\/free-sub.com\/urunler\/zipkin-ve-aksesuarlari\/\"  title=\"\"><img class=\"scale-with-grid mfn-lazy\" data-src=\"https:\/\/free-sub.com\/wp-content\/uploads\/2019\/07\/Ktg-zipkin.jpg\" alt=\"Ktg-zipkin\" width=\"600\" height=\"400\"\/><div class=\"desc\"><div class=\"subtitle\">Speargun and Accessories<\/div><div class=\"line\"><\/div><\/div><\/a><\/div>\n[\/vc_column][vc_column width=&#8221;1\/4&#8243; css=&#8221;.vc_custom_1563796372520{margin: 0px !important;padding: 0px !important;border: 0px initial !important;}&#8221; offset=&#8221;vc_hidden-sm vc_hidden-xs&#8221;][vc_wp_custommenu nav_menu=&#8221;101&#8243;][\/vc_column][\/vc_row][vc_row css_animation=&#8221;fadeIn&#8221; css=&#8221;.vc_custom_1563796495252{margin-top: 0px !important;padding-top: 0px !important;}&#8221;][vc_column css=&#8221;.vc_custom_1563792819602{margin-top: 0px !important;padding-top: 0px !important;}&#8221;][vc_separator color=&#8221;sky&#8221; style=&#8221;shadow&#8221; css=&#8221;.vc_custom_1563792807403{margin-top: 0px !important;padding-top: 0px !important;}&#8221;][\/vc_column][\/vc_row][vc_row css_animation=&#8221;fadeIn&#8221; css=&#8221;.vc_custom_1563796429747{margin-top: 0px !important;padding-top: 0px !important;}&#8221;][vc_column css=&#8221;.vc_custom_1565271957927{margin-top: 0px !important;padding-top: 0px !important;}&#8221; offset=&#8221;vc_hidden-sm vc_hidden-xs&#8221;][vc_custom_heading text=&#8221;Free-Sub Diving Equipments&#8221; font_container=&#8221;tag:h2|text_align:center|color:%23ffffff&#8221; use_theme_fonts=&#8221;yes&#8221; css=&#8221;.vc_custom_1619022592739{padding-top: 10px !important;padding-bottom: 10px !important;background-color: #2294d6 !important;}&#8221;][vc_row_inner css=&#8221;.vc_custom_1563796138898{margin: 0px !important;padding: 0px !important;border: 0px initial !important;}&#8221;][vc_column_inner css=&#8221;.vc_custom_1563796231480{margin-top: 0px !important;margin-right: 0px !important;margin-bottom: 0px !important;margin-left: 0px !important;padding-top: 0px !important;padding-right: 0px !important;padding-bottom: 0px !important;padding-left: 0px !important;}&#8221; offset=&#8221;vc_hidden-sm vc_hidden-xs&#8221;][vc_column_text]On our website, you can see the diving materials and equipment that we produce and supply under the Free-Sub brand.<\/p>\n<p>Diving weights, fins, masks, knives for diving and underwater hunting, diving lights, snorkels, and other diving equipment You can look over our products to see if they meet your diving requirements.[\/vc_column_text][\/vc_column_inner][\/vc_row_inner][\/vc_column][\/vc_row][vc_row css_animation=&#8221;fadeIn&#8221; css=&#8221;.vc_custom_1563796480353{margin-top: 0px !important;margin-right: 0px !important;margin-bottom: 0px !important;margin-left: 0px !important;border-top-width: 0px !important;border-right-width: 0px !important;border-bottom-width: 0px !important;border-left-width: 0px !important;padding-top: 0px !important;padding-right: 0px !important;padding-bottom: 0px !important;padding-left: 0px !important;background-color: #ffffff !important;border-left-color: #1e73be !important;border-left-style: solid !important;border-right-color: #1e73be !important;border-right-style: solid !important;border-top-color: #1e73be !important;border-top-style: solid !important;border-bottom-color: #1e73be !important;border-bottom-style: solid !important;}&#8221;][vc_column width=&#8221;3\/4&#8243; css=&#8221;.vc_custom_1563796357956{margin: 0px !important;padding: 0px !important;border: 0px initial !important;}&#8221;]<div class=\"trailer_box \"><a href=\"https:\/\/free-sub.com\/urunler\/dalis-malzemeleri-2\/\"  title=\"\"><img class=\"scale-with-grid mfn-lazy\" data-src=\"https:\/\/free-sub.com\/wp-content\/uploads\/2019\/07\/Ktg-ana-Dalis-malzemeleri.jpg\" alt=\"Ktg-ana-Dalis-malzemeleri\" width=\"600\" height=\"400\"\/><div class=\"desc\"><div class=\"subtitle\">Diving Equipments<\/div><div class=\"line\"><\/div><\/div><\/a><\/div>\n[\/vc_column][vc_column width=&#8221;1\/4&#8243; css=&#8221;.vc_custom_1563796372520{margin: 0px !important;padding: 0px !important;border: 0px initial !important;}&#8221; offset=&#8221;vc_hidden-sm vc_hidden-xs&#8221;][vc_wp_custommenu nav_menu=&#8221;99&#8243;][\/vc_column][\/vc_row][vc_row css_animation=&#8221;fadeIn&#8221; css=&#8221;.vc_custom_1563796495252{margin-top: 0px !important;padding-top: 0px !important;}&#8221;][vc_column css=&#8221;.vc_custom_1563792819602{margin-top: 0px !important;padding-top: 0px !important;}&#8221;][vc_separator color=&#8221;sky&#8221; style=&#8221;shadow&#8221; css=&#8221;.vc_custom_1563792807403{margin-top: 0px !important;padding-top: 0px !important;}&#8221;][\/vc_column][\/vc_row]<\/p>\n<\/div>","protected":false},"excerpt":{"rendered":"<p>Free-Sub markam\u0131zla \u00fcretti\u011fimiz t\u00fcm dal\u0131\u015f malzemeleri ve ekipmanlara \u00fcr\u00fcnler sayfam\u0131zdan ula\u015fabilirsiniz.<\/p>\n","protected":false},"author":1,"featured_media":0,"parent":0,"menu_order":3,"comment_status":"closed","ping_status":"closed","template":"","meta":{"footnotes":""},"class_list":["post-1745","page","type-page","status-publish","hentry"],"_links":{"self":[{"href":"https:\/\/free-sub.com\/en\/wp-json\/wp\/v2\/pages\/1745\/"}],"collection":[{"href":"https:\/\/free-sub.com\/en\/wp-json\/wp\/v2\/pages\/"}],"about":[{"href":"https:\/\/free-sub.com\/en\/wp-json\/wp\/v2\/types\/page\/"}],"author":[{"embeddable":true,"href":"https:\/\/free-sub.com\/en\/wp-json\/wp\/v2\/users\/1\/"}],"replies":[{"embeddable":true,"href":"https:\/\/free-sub.com\/en\/wp-json\/wp\/v2\/comments\/?post=1745"}],"version-history":[{"count":34,"href":"https:\/\/free-sub.com\/en\/wp-json\/wp\/v2\/pages\/1745\/revisions\/"}],"predecessor-version":[{"id":2510,"href":"https:\/\/free-sub.com\/en\/wp-json\/wp\/v2\/pages\/1745\/revisions\/2510\/"}],"wp:attachment":[{"href":"https:\/\/free-sub.com\/en\/wp-json\/wp\/v2\/media\/?parent=1745"}],"curies":[{"name":"wp","href":"https:\/\/api.w.org\/{rel}","templated":true}]}}