{"id":1748,"date":"2021-03-18T11:50:50","date_gmt":"2021-03-18T09:50:50","guid":{"rendered":"https:\/\/free-sub.com\/?page_id=1748"},"modified":"2021-03-18T15:27:22","modified_gmt":"2021-03-18T13:27:22","slug":"wetsuites-accessories","status":"publish","type":"page","link":"https:\/\/free-sub.com\/en\/products\/wetsuites-accessories\/","title":{"rendered":"Wetsuites &#038; Accessories"},"content":{"rendered":"<div class=\"wpb-content-wrapper\"><p>[vc_row][vc_column css_animation=&#8221;zoomIn&#8221; width=&#8221;1\/3&#8243;]<div class=\"trailer_box \"><a href=\"https:\/\/free-sub.com\/en\/products\/wetsuites-accessories\/hunter-and-free-diving-suites\/\"  title=\"\"><img class=\"scale-with-grid mfn-lazy\" data-src=\"https:\/\/free-sub.com\/wp-content\/uploads\/2019\/07\/Ktg-el-avci.jpg\" alt=\"Ktg-el-avci\" width=\"600\" height=\"400\"\/><div class=\"desc\"><div class=\"subtitle\">Hunter &amp; Free Diving Wetsuites<\/div><div class=\"line\"><\/div><\/div><\/a><\/div>\n[vc_separator color=&#8221;sky&#8221; style=&#8221;shadow&#8221; border_width=&#8221;10&#8243;][\/vc_column][vc_column css_animation=&#8221;zoomIn&#8221; width=&#8221;1\/3&#8243;]<div class=\"trailer_box \"><a href=\"https:\/\/free-sub.com\/en\/urunler\/dalis-elbiseleri-ve-aksesuarlari\/scuba-elbiseleri\/\"  title=\"\"><img class=\"scale-with-grid mfn-lazy\" data-src=\"https:\/\/free-sub.com\/wp-content\/uploads\/2019\/07\/Ktg-el-scuba.jpg\" alt=\"Ktg-el-scuba\" width=\"600\" height=\"400\"\/><div class=\"desc\"><div class=\"subtitle\">Scuba Diving Wetsuites<\/div><div class=\"line\"><\/div><\/div><\/a><\/div>\n[vc_separator color=&#8221;sky&#8221; style=&#8221;shadow&#8221; border_width=&#8221;10&#8243;][\/vc_column][vc_column css_animation=&#8221;zoomIn&#8221; width=&#8221;1\/3&#8243;]<div class=\"trailer_box \"><a href=\"https:\/\/free-sub.com\/en\/urunler\/dalis-elbiseleri-ve-aksesuarlari\/sorf-rafting-elbiseleri\/\"  title=\"\"><img class=\"scale-with-grid mfn-lazy\" data-src=\"https:\/\/free-sub.com\/wp-content\/uploads\/2019\/07\/Ktg-el-sorf.jpg\" alt=\"Ktg-el-sorf\" width=\"600\" height=\"400\"\/><div class=\"desc\"><div class=\"subtitle\">Surf &amp; Rafting Wetsuites<\/div><div class=\"line\"><\/div><\/div><\/a><\/div>\n[vc_separator color=&#8221;sky&#8221; style=&#8221;shadow&#8221; border_width=&#8221;10&#8243;][\/vc_column][\/vc_row][vc_row][vc_column css_animation=&#8221;zoomIn&#8221; width=&#8221;1\/3&#8243;]<div class=\"trailer_box \"><a href=\"https:\/\/free-sub.com\/en\/urunler\/dalis-elbiseleri-ve-aksesuarlari\/shorty-elbise\/\"  title=\"\"><img class=\"scale-with-grid mfn-lazy\" data-src=\"https:\/\/free-sub.com\/wp-content\/uploads\/2019\/07\/Ktg-el-shorty.jpg\" alt=\"Ktg-el-shorty\" width=\"600\" height=\"400\"\/><div class=\"desc\"><div class=\"subtitle\">Shorty Wetsuites<\/div><div class=\"line\"><\/div><\/div><\/a><\/div>\n[vc_separator color=&#8221;sky&#8221; style=&#8221;shadow&#8221; border_width=&#8221;10&#8243;][\/vc_column][vc_column css_animation=&#8221;zoomIn&#8221; width=&#8221;1\/3&#8243;]<div class=\"trailer_box \"><a href=\"https:\/\/free-sub.com\/en\/urunler\/dalis-elbiseleri-ve-aksesuarlari\/dalis-yelegi\/\"  title=\"\"><img class=\"scale-with-grid mfn-lazy\" data-src=\"https:\/\/free-sub.com\/wp-content\/uploads\/2019\/07\/Ktg-el-yelek.jpg\" alt=\"Ktg-el-yelek\" width=\"600\" height=\"400\"\/><div class=\"desc\"><div class=\"subtitle\">Diving Vest<\/div><div class=\"line\"><\/div><\/div><\/a><\/div>\n[vc_separator color=&#8221;sky&#8221; style=&#8221;shadow&#8221; border_width=&#8221;10&#8243;][\/vc_column][vc_column css_animation=&#8221;zoomIn&#8221; width=&#8221;1\/3&#8243;]<div class=\"trailer_box \"><a href=\"https:\/\/free-sub.com\/en\/urunler\/dalis-elbiseleri-ve-aksesuarlari\/dalis-corabi\/\"  title=\"\"><img class=\"scale-with-grid mfn-lazy\" data-src=\"https:\/\/free-sub.com\/wp-content\/uploads\/2019\/07\/Ktg-el-corap.jpg\" alt=\"Ktg-el-corap\" width=\"600\" height=\"400\"\/><div class=\"desc\"><div class=\"subtitle\">Diving Socks<\/div><div class=\"line\"><\/div><\/div><\/a><\/div>\n[vc_separator color=&#8221;sky&#8221; style=&#8221;shadow&#8221; border_width=&#8221;10&#8243;][\/vc_column][\/vc_row][vc_row][vc_column css_animation=&#8221;zoomIn&#8221; width=&#8221;1\/3&#8243;]<div class=\"trailer_box \"><a href=\"https:\/\/free-sub.com\/en\/urunler\/dalis-elbiseleri-ve-aksesuarlari\/dalis-eldiveni\/\"  title=\"\"><img class=\"scale-with-grid mfn-lazy\" data-src=\"https:\/\/free-sub.com\/wp-content\/uploads\/2019\/07\/Ktg-el-eldiven.jpg\" alt=\"Ktg-el-eldiven\" width=\"600\" height=\"400\"\/><div class=\"desc\"><div class=\"subtitle\">Diving Gloves<\/div><div class=\"line\"><\/div><\/div><\/a><\/div>\n[vc_separator color=&#8221;sky&#8221; style=&#8221;shadow&#8221; border_width=&#8221;10&#8243;][\/vc_column][vc_column css_animation=&#8221;zoomIn&#8221; width=&#8221;1\/3&#8243;]<div class=\"trailer_box \"><a href=\"https:\/\/free-sub.com\/en\/urunler\/dalis-elbiseleri-ve-aksesuarlari\/dalis-basligi\/\"  title=\"\"><img class=\"scale-with-grid mfn-lazy\" data-src=\"https:\/\/free-sub.com\/wp-content\/uploads\/2019\/07\/Ktg-el-baslik.jpg\" alt=\"Ktg-el-baslik\" width=\"600\" height=\"400\"\/><div class=\"desc\"><div class=\"subtitle\">Diving Hoods<\/div><div class=\"line\"><\/div><\/div><\/a><\/div>\n[vc_separator color=&#8221;sky&#8221; style=&#8221;shadow&#8221; border_width=&#8221;10&#8243;][\/vc_column][vc_column css_animation=&#8221;zoomIn&#8221; width=&#8221;1\/3&#8243;]<div class=\"trailer_box \"><a href=\"#\"  title=\"\"><img class=\"scale-with-grid mfn-lazy\" data-src=\"https:\/\/free-sub.com\/wp-content\/uploads\/2019\/07\/Ktg-el-sort.jpg\" alt=\"Ktg-el-sort\" width=\"600\" height=\"400\"\/><div class=\"desc\"><div class=\"subtitle\">Neoprene Shorts<\/div><div class=\"line\"><\/div><\/div><\/a><\/div>\n[vc_separator color=&#8221;sky&#8221; style=&#8221;shadow&#8221; border_width=&#8221;10&#8243;][\/vc_column][\/vc_row]<\/p>\n<\/div>","protected":false},"excerpt":{"rendered":"<p>Free-Sub dal\u0131\u015f elbiseleri ve neopren \u00fcr\u00fcnler<\/p>\n","protected":false},"author":1,"featured_media":1220,"parent":1745,"menu_order":0,"comment_status":"closed","ping_status":"closed","template":"elementor_header_footer","meta":{"footnotes":""},"class_list":["post-1748","page","type-page","status-publish","has-post-thumbnail","hentry"],"_links":{"self":[{"href":"https:\/\/free-sub.com\/en\/wp-json\/wp\/v2\/pages\/1748\/"}],"collection":[{"href":"https:\/\/free-sub.com\/en\/wp-json\/wp\/v2\/pages\/"}],"about":[{"href":"https:\/\/free-sub.com\/en\/wp-json\/wp\/v2\/types\/page\/"}],"author":[{"embeddable":true,"href":"https:\/\/free-sub.com\/en\/wp-json\/wp\/v2\/users\/1\/"}],"replies":[{"embeddable":true,"href":"https:\/\/free-sub.com\/en\/wp-json\/wp\/v2\/comments\/?post=1748"}],"version-history":[{"count":6,"href":"https:\/\/free-sub.com\/en\/wp-json\/wp\/v2\/pages\/1748\/revisions\/"}],"predecessor-version":[{"id":1992,"href":"https:\/\/free-sub.com\/en\/wp-json\/wp\/v2\/pages\/1748\/revisions\/1992\/"}],"up":[{"embeddable":true,"href":"https:\/\/free-sub.com\/en\/wp-json\/wp\/v2\/pages\/1745\/"}],"wp:featuredmedia":[{"embeddable":true,"href":"https:\/\/free-sub.com\/en\/wp-json\/wp\/v2\/media\/1220\/"}],"wp:attachment":[{"href":"https:\/\/free-sub.com\/en\/wp-json\/wp\/v2\/media\/?parent=1748"}],"curies":[{"name":"wp","href":"https:\/\/api.w.org\/{rel}","templated":true}]}}