{"id":1845,"date":"2021-03-18T12:36:19","date_gmt":"2021-03-18T10:36:19","guid":{"rendered":"https:\/\/free-sub.com\/?page_id=1845"},"modified":"2021-03-18T12:36:19","modified_gmt":"2021-03-18T10:36:19","slug":"online-store","status":"publish","type":"page","link":"https:\/\/free-sub.com\/en\/online-store\/","title":{"rendered":"Online Store"},"content":{"rendered":"<div class=\"wpb-content-wrapper\"><p>[vc_row css=&#8221;.vc_custom_1563979419042{margin-bottom: 50px !important;}&#8221;][vc_column][vc_column_text css_animation=&#8221;fadeInRight&#8221;]<\/p>\n<div class=\"vc_row wpb_row vc_row-fluid dt-default\">\n<div class=\"wpb_column vc_column_container vc_col-sm-12\">\n<div class=\"vc_column-inner\">\n<div class=\"wpb_wrapper\">\n<div class=\"wpb_text_column wpb_content_element wpb_animate_when_almost_visible wpb_fadeInLeft fadeInLeft wpb_start_animation animated\">\n<div class=\"wpb_wrapper\">Free-Sub markal\u0131 \u00fcr\u00fcnlerimizin internet \u00fczerinden perakende sat\u0131\u015f\u0131n\u0131\u00a0<a href=\"http:\/\/www.alisverisonline.com\/\" target=\"_blank\" rel=\"noopener noreferrer\">www.alisverisonline.com<\/a> adl\u0131 sitemizden ger\u00e7ekle\u015ftirmekteyiz. Sat\u0131\u015f sitemize ula\u015fmak i\u00e7in l\u00fctfen a\u015fa\u011f\u0131daki butona t\u0131klay\u0131n\u0131z.<\/div>\n<\/div>\n<\/div>\n<\/div>\n<\/div>\n<\/div>\n<p>[\/vc_column_text][vc_btn title=&#8221;Sat\u0131\u015f Sitesine Git&#8221; color=&#8221;sky&#8221; i_align=&#8221;right&#8221; i_icon_fontawesome=&#8221;fa fa-shopping-cart&#8221; css_animation=&#8221;zoomIn&#8221; add_icon=&#8221;true&#8221; link=&#8221;url:https%3A%2F%2Fwww.alisverisonline.com%2F|||&#8221;][\/vc_column][\/vc_row]<\/p>\n<\/div>","protected":false},"excerpt":{"rendered":"<p>[vc_row css=&#8221;.vc_custom_1563979419042{margin-bottom: 50px !important;}&#8221;][vc_column][vc_column_text css_animation=&#8221;fadeInRight&#8221;] Free-Sub markal\u0131 \u00fcr\u00fcnlerimizin internet \u00fczerinden perakende sat\u0131\u015f\u0131n\u0131\u00a0www.alisverisonline.com adl\u0131 sitemizden ger\u00e7ekle\u015ftirmekteyiz. Sat\u0131\u015f sitemize ula\u015fmak i\u00e7in l\u00fctfen a\u015fa\u011f\u0131daki butona t\u0131klay\u0131n\u0131z. [\/vc_column_text][vc_btn title=&#8221;Sat\u0131\u015f Sitesine<span class=\"excerpt-hellip\"> [\u2026]<\/span><\/p>\n","protected":false},"author":1,"featured_media":0,"parent":0,"menu_order":4,"comment_status":"closed","ping_status":"closed","template":"","meta":{"footnotes":""},"class_list":["post-1845","page","type-page","status-publish","hentry"],"_links":{"self":[{"href":"https:\/\/free-sub.com\/en\/wp-json\/wp\/v2\/pages\/1845\/"}],"collection":[{"href":"https:\/\/free-sub.com\/en\/wp-json\/wp\/v2\/pages\/"}],"about":[{"href":"https:\/\/free-sub.com\/en\/wp-json\/wp\/v2\/types\/page\/"}],"author":[{"embeddable":true,"href":"https:\/\/free-sub.com\/en\/wp-json\/wp\/v2\/users\/1\/"}],"replies":[{"embeddable":true,"href":"https:\/\/free-sub.com\/en\/wp-json\/wp\/v2\/comments\/?post=1845"}],"version-history":[{"count":2,"href":"https:\/\/free-sub.com\/en\/wp-json\/wp\/v2\/pages\/1845\/revisions\/"}],"predecessor-version":[{"id":1847,"href":"https:\/\/free-sub.com\/en\/wp-json\/wp\/v2\/pages\/1845\/revisions\/1847\/"}],"wp:attachment":[{"href":"https:\/\/free-sub.com\/en\/wp-json\/wp\/v2\/media\/?parent=1845"}],"curies":[{"name":"wp","href":"https:\/\/api.w.org\/{rel}","templated":true}]}}