{"id":1851,"date":"2021-03-18T12:38:34","date_gmt":"2021-03-18T10:38:34","guid":{"rendered":"https:\/\/free-sub.com\/?page_id=1851"},"modified":"2021-03-18T12:38:34","modified_gmt":"2021-03-18T10:38:34","slug":"be-a-partner","status":"publish","type":"page","link":"https:\/\/free-sub.com\/en\/be-a-partner\/","title":{"rendered":"Be a Partner"},"content":{"rendered":"<div class=\"wpb-content-wrapper\"><p>[vc_row][vc_column css_animation=&#8221;fadeIn&#8221;][vc_column_text]Free-Sub markam\u0131z ile imal etmekte oldu\u011fumuz t\u00fcm \u00fcr\u00fcnlerimizin yurt i\u00e7inde ve yurt d\u0131\u015f\u0131nda perakende sat\u0131\u015f\u0131na dair bayilik vermekteyiz.<\/p>\n<p>Bayilik ve \u00fcr\u00fcn gruplar\u0131m\u0131zla ilgili bilgi almak i\u00e7in bizimle l\u00fctfen bizi aray\u0131n\u0131z.[\/vc_column_text][\/vc_column][\/vc_row]<\/p>\n<\/div>","protected":false},"excerpt":{"rendered":"<p>[vc_row][vc_column css_animation=&#8221;fadeIn&#8221;][vc_column_text]Free-Sub markam\u0131z ile imal etmekte oldu\u011fumuz t\u00fcm \u00fcr\u00fcnlerimizin yurt i\u00e7inde ve yurt d\u0131\u015f\u0131nda perakende sat\u0131\u015f\u0131na dair bayilik vermekteyiz. Bayilik ve \u00fcr\u00fcn gruplar\u0131m\u0131zla ilgili bilgi almak<span class=\"excerpt-hellip\"> [\u2026]<\/span><\/p>\n","protected":false},"author":1,"featured_media":0,"parent":0,"menu_order":5,"comment_status":"closed","ping_status":"closed","template":"","meta":{"footnotes":""},"class_list":["post-1851","page","type-page","status-publish","hentry"],"_links":{"self":[{"href":"https:\/\/free-sub.com\/en\/wp-json\/wp\/v2\/pages\/1851\/"}],"collection":[{"href":"https:\/\/free-sub.com\/en\/wp-json\/wp\/v2\/pages\/"}],"about":[{"href":"https:\/\/free-sub.com\/en\/wp-json\/wp\/v2\/types\/page\/"}],"author":[{"embeddable":true,"href":"https:\/\/free-sub.com\/en\/wp-json\/wp\/v2\/users\/1\/"}],"replies":[{"embeddable":true,"href":"https:\/\/free-sub.com\/en\/wp-json\/wp\/v2\/comments\/?post=1851"}],"version-history":[{"count":2,"href":"https:\/\/free-sub.com\/en\/wp-json\/wp\/v2\/pages\/1851\/revisions\/"}],"predecessor-version":[{"id":1853,"href":"https:\/\/free-sub.com\/en\/wp-json\/wp\/v2\/pages\/1851\/revisions\/1853\/"}],"wp:attachment":[{"href":"https:\/\/free-sub.com\/en\/wp-json\/wp\/v2\/media\/?parent=1851"}],"curies":[{"name":"wp","href":"https:\/\/api.w.org\/{rel}","templated":true}]}}