{"id":1854,"date":"2021-03-18T12:39:12","date_gmt":"2021-03-18T10:39:12","guid":{"rendered":"https:\/\/free-sub.com\/?page_id=1854"},"modified":"2021-03-18T12:39:12","modified_gmt":"2021-03-18T10:39:12","slug":"product-warranty-policy","status":"publish","type":"page","link":"https:\/\/free-sub.com\/en\/product-warranty-policy\/","title":{"rendered":"Product Warranty Policy"},"content":{"rendered":"<div class=\"wpb-content-wrapper\"><p>[vc_row][vc_column css_animation=&#8221;fadeIn&#8221;][vc_column_text]\u00dcr\u00fcn destek garantimiz kapsam\u0131nda Free-Sub markam\u0131za ait dal\u0131\u015f elbiseleri ve neopren \u00fcr\u00fcnlerimize s\u00fcre s\u0131n\u0131r\u0131 olmaks\u0131z\u0131n bak\u0131m ve tamir servisi vermekteyiz. Free-Sub markal\u0131 dal\u0131\u015f elbiseleriniz\u00a0<strong>kullan\u0131c\u0131 hatas\u0131\u00a0ile olu\u015fabilecek ar\u0131zalar da dahil<\/strong>\u00a0(Par\u00e7a de\u011fi\u015fimi gerektiren durumlar hari\u00e7) \u00fcr\u00fcn destek garantisi alt\u0131ndad\u0131r. Konuyla ilgili detayl\u0131 bilgi almak i\u00e7in mail yada telefon yoluyla bize ula\u015fabilirsiniz.[\/vc_column_text][\/vc_column][\/vc_row]<\/p>\n<\/div>","protected":false},"excerpt":{"rendered":"<p>[vc_row][vc_column css_animation=&#8221;fadeIn&#8221;][vc_column_text]\u00dcr\u00fcn destek garantimiz kapsam\u0131nda Free-Sub markam\u0131za ait dal\u0131\u015f elbiseleri ve neopren \u00fcr\u00fcnlerimize s\u00fcre s\u0131n\u0131r\u0131 olmaks\u0131z\u0131n bak\u0131m ve tamir servisi vermekteyiz. Free-Sub markal\u0131 dal\u0131\u015f elbiseleriniz\u00a0kullan\u0131c\u0131 hatas\u0131\u00a0ile<span class=\"excerpt-hellip\"> [\u2026]<\/span><\/p>\n","protected":false},"author":1,"featured_media":0,"parent":0,"menu_order":5,"comment_status":"closed","ping_status":"closed","template":"","meta":{"footnotes":""},"class_list":["post-1854","page","type-page","status-publish","hentry"],"_links":{"self":[{"href":"https:\/\/free-sub.com\/en\/wp-json\/wp\/v2\/pages\/1854\/"}],"collection":[{"href":"https:\/\/free-sub.com\/en\/wp-json\/wp\/v2\/pages\/"}],"about":[{"href":"https:\/\/free-sub.com\/en\/wp-json\/wp\/v2\/types\/page\/"}],"author":[{"embeddable":true,"href":"https:\/\/free-sub.com\/en\/wp-json\/wp\/v2\/users\/1\/"}],"replies":[{"embeddable":true,"href":"https:\/\/free-sub.com\/en\/wp-json\/wp\/v2\/comments\/?post=1854"}],"version-history":[{"count":2,"href":"https:\/\/free-sub.com\/en\/wp-json\/wp\/v2\/pages\/1854\/revisions\/"}],"predecessor-version":[{"id":1856,"href":"https:\/\/free-sub.com\/en\/wp-json\/wp\/v2\/pages\/1854\/revisions\/1856\/"}],"wp:attachment":[{"href":"https:\/\/free-sub.com\/en\/wp-json\/wp\/v2\/media\/?parent=1854"}],"curies":[{"name":"wp","href":"https:\/\/api.w.org\/{rel}","templated":true}]}}